{"id":48558,"date":"2016-08-25T07:30:26","date_gmt":"2016-08-25T07:30:26","guid":{"rendered":"http:\/\/www.teemukuusimurto.com\/2016\/?page_id=48558"},"modified":"2026-03-31T11:57:33","modified_gmt":"2026-03-31T11:57:33","slug":"brandi-kuvaukset-yritysvideot","status":"publish","type":"page","link":"https:\/\/www.teemukuusimurto.com\/2016\/brandi-kuvaukset-yritysvideot\/","title":{"rendered":"Tietoa minusta"},"content":{"rendered":"<div class=\"wpb-content-wrapper\"><p>[vc_row row_height_percent=&#8221;0&#8243; override_padding=&#8221;yes&#8221; h_padding=&#8221;2&#8243; top_padding=&#8221;2&#8243; bottom_padding=&#8221;5000&#8243; back_color=&#8221;color-wayh&#8221; overlay_alpha=&#8221;50&#8243; gutter_size=&#8221;4&#8243; column_width_percent=&#8221;100&#8243; shift_y=&#8221;0&#8243; z_index=&#8221;0&#8243;][vc_column column_width_percent=&#8221;100&#8243; gutter_size=&#8221;3&#8243; overlay_alpha=&#8221;50&#8243; shift_x=&#8221;0&#8243; shift_y=&#8221;0&#8243; shift_y_down=&#8221;0&#8243; z_index=&#8221;0&#8243; medium_width=&#8221;4&#8243; mobile_width=&#8221;0&#8243; width=&#8221;1\/3&#8243; el_class=&#8221;inverted-device-order&#8221;][vc_single_image media=&#8221;49597&#8243; media_width_percent=&#8221;100&#8243; media_ratio=&#8221;one-one&#8221; alignment=&#8221;right&#8221; uncode_shortcode_id=&#8221;728569&#8243;][\/vc_column][vc_column width=&#8221;2\/3&#8243;][vc_custom_heading text_color=&#8221;accent&#8221; heading_semantic=&#8221;h6&#8243; text_size=&#8221;fontsize-160000&#8243; text_transform=&#8221;uppercase&#8221; text_space=&#8221;fontspace-135905&#8243; uncode_shortcode_id=&#8221;129566&#8243; text_color_type=&#8221;uncode-palette&#8221;]Valokuvaaja, videokuvaaja | Helsinki[\/vc_custom_heading][vc_custom_heading 1=&#8221;toiminut&#8221; 2=&#8221;valokuvaajana&#8221; 3=&#8221;Helsingiss\u00e4&#8221; 4=&#8221;vuodesta&#8221; 5=&#8221;2004.&#8221; 6=&#8221;Erikoisalaani&#8221; 7=&#8221;ovat&#8221; 8=&#8221;yritys-&#8221; 9=&#8221;ja&#8221; 10=&#8221;mainoskuvaus&#8221; 11=&#8221;sek\u00e4&#8221; 12=&#8221;videokuvaus.&#8221; 13=&#8221;Minut&#8221; 14=&#8221;tunnetaan&#8221; 15=&#8221;vangitsevien&#8221; 16=&#8221;br\u00e4ndikuvien&#8221; 17=&#8221;luomisesta,&#8221; 18=&#8221;upeiden&#8221; 19=&#8221;muotokuvien&#8221; 20=&#8221;ottamisesta&#8221; 21=&#8221;ja&#8221; 22=&#8221;laadukkaiden,&#8221; 23=&#8221;luovien&#8221; 24=&#8221;videoiden&#8221; 25=&#8221;tuottamisesta.&#8221; 26=&#8221;Olen&#8221; 27=&#8221;kuvannut&#8221; 28=&#8221;n.&#8221; 29=&#8221;20&#8243; 30=&#8221;vuotta&#8221; 31=&#8221;ja&#8221; 32=&#8221;minulla&#8221; 33=&#8221;on&#8221; 34=&#8221;kokemusta&#8221; 35=&#8221;l\u00e4hes&#8221; 36=&#8221;kaikenlaisesta&#8221; 37=&#8221;kuvaamisesta&#8221; 38=&#8221;journalistisesta&#8221; 39=&#8221;kuvaamisesta&#8221; 40=&#8221;mainoskuvaamiseen.&#8221; 41=&#8221;&#8221; 42=&#8221;class=&#8220;uncode_text_column&#8220;&gt;&#8221; 43=&#8221;&#8221; 44=&#8221;class=&#8220;flex-shrink-0&#8243; 45=&#8221;flex&#8221; 46=&#8221;flex-col&#8221; 47=&#8221;relative&#8221; 48=&#8221;items-end&#8220;&gt;&#8221; 49=&#8221;<\/p>\n<div>&#8221; 50=&#8221;&#8221; 51=&#8221;class=&#8220;layoutArea&#8220;&gt;&#8221; 52=&#8221;&#8221; 53=&#8221;class=&#8220;column&#8220;&gt;&#8221; 54=&#8221;Minut&#8221; 55=&#8221;tunnetaan&#8221; 56=&#8221;teknisena\u0308&#8221; 57=&#8221;taiturina.&#8221; 58=&#8221;Suurten&#8221; 59=&#8221;tuotantojen&#8221; 60=&#8221;lis\u00e4ksi&#8221; 61=&#8221;pystyn&#8221; 62=&#8221;tekema\u0308a\u0308n&#8221; 63=&#8221;my\u00f6s&#8221; 64=&#8221;yksin,&#8221; 65=&#8221;pienella\u0308&#8221; 66=&#8221;kalustolla&#8221; 67=&#8221;ja&#8221; 68=&#8221;lyhyessa\u0308&#8221; 69=&#8221;ajassa&#8221; 70=&#8221;ja\u0308lkea\u0308,&#8221; 71=&#8221;jota&#8221; 72=&#8221;on&#8221; 73=&#8221;totuttu&#8221; 74=&#8221;na\u0308kema\u0308a\u0308n&#8221; 75=&#8221;suurten&#8221; 76=&#8221;ja&#8221; 77=&#8221;kalliiden&#8221; 78=&#8221;tuotantojen&#8221; 79=&#8221;lopputuloksena.&#8221; 80=&#8221;Pitka\u0308&#8221; 81=&#8221;kokemukseni&#8221; 82=&#8221;vaihtuvista&#8221; 83=&#8221;projekteista&#8221; 84=&#8221;ja&#8221; 85=&#8221;tyo\u0308ryhmista\u0308&#8221; 86=&#8221;seka\u0308&#8221; 87=&#8221;asumiseni&#8221; 88=&#8221;ulkomailla&#8221; 89=&#8221;on&#8221; 90=&#8221;opettanut&#8221; 91=&#8221;minut&#8221; 92=&#8221;arvostamaan&#8221; 93=&#8221;erilaisuutta&#8221; 94=&#8221;ja&#8221; 95=&#8221;luomaan&#8221; 96=&#8221;nopeasti&#8221; 97=&#8221;yhteyden&#8221; 98=&#8221;ihmisiin.&#8221; 99=&#8221;Kuvaamani&#8221; 100=&#8221;ihmiset&#8221; 101=&#8221;ovat&#8221; 102=&#8221;aitoja&#8221; 103=&#8221;ja&#8221; 104=&#8221;teeskentelema\u0308tto\u0308mia\u0308.&#8221; 105=&#8221;Vaikka&#8221; 106=&#8221;tuotoksiani&#8221; 107=&#8221;arvostetaan&#8221; 108=&#8221;usein&#8221; 109=&#8221;juuri&#8221; 110=&#8221;niiden&#8221; 111=&#8221;teknisen&#8221; 112=&#8221;taituruuden&#8221; 113=&#8221;takia,&#8221; 114=&#8221;merkitta\u0308va\u0308&#8221; 115=&#8221;syy&#8221; 116=&#8221;pysa\u0308htya\u0308&#8221; 117=&#8221;katsomaan&#8221; 118=&#8221;niita\u0308&#8221; 119=&#8221;tulee&#8221; 120=&#8221;niissa\u0308&#8221; 121=&#8221;olevien&#8221; 122=&#8221;henkilo\u0308iden&#8221; 123=&#8221;aitoudesta&#8221; 124=&#8221;ja&#8221; 125=&#8221;la\u0308hestytta\u0308vyydesta\u0308.&#8221; 126=&#8221;<\/div>\n<p>&#8221; 127=&#8221;&#8221; 128=&#8221;href=&#8220;https:\/\/www.teemukuusimurto.com\/2016\/?page_id=48562&#8220;&gt;Pyyd\u00e4&#8221; 129=&#8221;tarjous&#8221; 130=&#8221;kuvauksestasi&#8221; 131=&#8221;ja&#8221; 132=&#8221;selit\u00e4&#8221; 133=&#8221;tarpeesi.&#8221; 134=&#8221;Teen&#8221; 135=&#8221;parhaat&#8221; 136=&#8221;mahdolliset&#8221; 137=&#8221;kuvat&#8221; 138=&#8221;k\u00e4yt\u00f6ss\u00e4nne&#8221; 139=&#8221;olevalla&#8221; 140=&#8221;budjetilla&#8221; 141=&#8221;ja&#8221; 142=&#8221;huolehdin&#8221; 143=&#8221;siit\u00e4,&#8221; 144=&#8221;ett\u00e4&#8221; 145=&#8221;ette&#8221; 146=&#8221;maksa&#8221; 147=&#8221;turhasta.&#8221; 148=&#8221;Myyn&#8221; 149=&#8221;valmiiksi&#8221; 150=&#8221;k\u00e4sitellyt&#8221; 151=&#8221;valokuvat&#8221; 152=&#8221;ja&#8221; 153=&#8221;videot&#8221; 154=&#8221;aina&#8221; 155=&#8221;kaikilla&#8221; 156=&#8221;oikeuksilla,&#8221; 157=&#8221;jotta&#8221; 158=&#8221;teid\u00e4n&#8221; 159=&#8221;ei&#8221; 160=&#8221;tarvitse&#8221; 161=&#8221;my\u00f6hemmin&#8221; 162=&#8221;mietti\u00e4&#8221; 163=&#8221;voiko&#8221; 164=&#8221;niit\u00e4&#8221; 165=&#8221;k\u00e4ytt\u00e4\u00e4&#8221; 166=&#8221;jatkossakin.&#8221; 167=&#8221;Suurempia&#8221; 168=&#8221;kuvauksia&#8221; 169=&#8221;varten&#8221; 170=&#8221;saatte&#8221; 171=&#8221;kauttani&#8221; 172=&#8221;tarvittaessa&#8221; 173=&#8221;koko&#8221; 174=&#8221;ty\u00f6ryhm\u00e4n,&#8221; 175=&#8221;tuottajan,&#8221; 176=&#8221;mallit,&#8221; 177=&#8221;maskeeraajat,&#8221; 178=&#8221;puvustajat&#8221; 179=&#8221;jne.&#8221; 180=&#8221;&#8221; 181=&#8221;&#8221; 182=&#8221;&#8221; 183=&#8221;&#8221; 184=&#8221;&#8220;&#8221; heading_semantic=&#8221;h3&#8243; text_size=&#8221;fontsize-155944&#8243; class=&#8221;cursor-init&#8221; uncode_shortcode_id=&#8221;213080&#8243;]Teemu Kuusimurto[\/vc_custom_heading][vc_separator sep_color=&#8221;,Default&#8221;][vc_column_text uncode_shortcode_id=&#8221;192532&#8243;]<\/p>\n<p data-start=\"221\" data-end=\"502\"><strong data-start=\"221\" data-end=\"291\">Olen helsinkil\u00e4inen valokuvaaja, videokuvaaja ja sis\u00e4ll\u00f6ntuottaja.<\/strong><br data-start=\"291\" data-end=\"294\" \/>Teen kuvatuotannosta ja markkinoinnista sujuvaa ja vaivatonta. Tarjoan korkealaatuisia <strong data-start=\"381\" data-end=\"396\">br\u00e4ndikuvia ja<\/strong>\u00a0<strong data-start=\"398\" data-end=\"415\">lyhytvideoita,<\/strong>\u00a0jotka her\u00e4tt\u00e4v\u00e4t tunteita ja tekev\u00e4t vaikutuksen.<\/p>\n<hr data-start=\"788\" data-end=\"791\" \/>\n<p data-start=\"793\" data-end=\"1517\">Olen tehnyt yhteisty\u00f6t\u00e4 lukuisten yritysten ja medioiden kanssa, kuten AKL, Advance Team, Amnesty International, B2 Impact, Blue Wings, Broman Group, Cadworks, Casino Helsinki, Digi- ja v\u00e4est\u00f6tietovirasto, Fennia, Finnair Cargo, Fintraffic, Fitness, Gilda, Halva, Helen, Helsingin kaupunki, Hybridiarena Hype, Hyv\u00e4 Terveys, Igglo, Image, International Women\u2019s Forum, Kamux, Kep Automaatio, Kotkan kaupunki, Kemia-lehti, Lumooja, Mad Hopper Brewing Co., Me Naiset, Mondo, Muoto, Netum, Nordic Investment Bank, NRC, Onninen, OP, Peab, P\u00f6rssiklubi, Reservil\u00e4inen, Schneider, SOL, Savon Sanomat, Suomenlinnan hoitokunta, Telia, Teknologiateollisuus, Taitotalo, Tiede-lehti, Tuulilasi, Unifi, Urlus, Yle ja Ymp\u00e4rist\u00f6ministeri\u00f6.<\/p>\n<hr data-start=\"1519\" data-end=\"1522\" \/>\n<p data-start=\"1524\" data-end=\"1806\">Valokuvaajana ja videokuvaajana olen tunnettu teknisest\u00e4 taituruudestani ja kyvyst\u00e4ni toteuttaa upeita tuotantoja niin suurissa kuin pieniss\u00e4kin projekteissa. Kuvani ja videoni n\u00e4ytt\u00e4v\u00e4t aina budjettiaan suuremmilta ja tarjoavat korkealaatuista visuaalista sis\u00e4lt\u00f6\u00e4, joka erottuu.<\/p>\n<p data-start=\"1808\" data-end=\"2092\">Pitk\u00e4 kokemukseni erilaisista projekteista ja kansainv\u00e4lisest\u00e4 ty\u00f6skentelyst\u00e4 on opettanut minulle monikulttuurisuuden ja erilaisten n\u00e4k\u00f6kulmien arvostamisen. Osaan luoda nopeasti luottamuksellisen ja rennon ilmapiirin, joka n\u00e4kyy aitoina ja teeskentelem\u00e4tt\u00f6min\u00e4 kuvina ja videoina.<\/p>\n<p data-start=\"2094\" data-end=\"2394\">Tarjoan sujuvaa ja vaivatonta palvelua, joka r\u00e4\u00e4t\u00e4l\u00f6id\u00e4\u00e4n juuri teid\u00e4n tarpeisiinne. Varmistan, ett\u00e4 saatte parasta mahdollista laatua budjetissanne pysyen, ilman turhia kustannuksia. Myyn kaikki valmiit kuvat ja videot t\u00e4ysill\u00e4 oikeuksilla, joten voitte k\u00e4ytt\u00e4\u00e4 niit\u00e4 ilman yll\u00e4tyksi\u00e4 jatkossakin.<\/p>\n<p data-start=\"2396\" data-end=\"2523\">Suurissa kuvatuotannoissa voin j\u00e4rjest\u00e4\u00e4 koko tuotantotiimin sek\u00e4 mallit, jotta saatte kaiken tarvitsemanne yhdest\u00e4 paikasta.<\/p>\n<p>[\/vc_column_text][\/vc_column][\/vc_row]<\/p>\n<\/div>","protected":false},"excerpt":{"rendered":"<p>[vc_row row_height_percent=&#8221;0&#8243; override_padding=&#8221;yes&#8221; h_padding=&#8221;2&#8243; top_padding=&#8221;2&#8243; bottom_padding=&#8221;5000&#8243; back_color=&#8221;color-wayh&#8221; overlay_alpha=&#8221;50&#8243; gutter_size=&#8221;4&#8243; column_width_percent=&#8221;100&#8243; shift_y=&#8221;0&#8243; z_index=&#8221;0&#8243;][vc_column column_width_percent=&#8221;100&#8243; gutter_size=&#8221;3&#8243; overlay_alpha=&#8221;50&#8243; shift_x=&#8221;0&#8243; shift_y=&#8221;0&#8243; shift_y_down=&#8221;0&#8243; z_index=&#8221;0&#8243; medium_width=&#8221;4&#8243; [&hellip;]<\/p>\n","protected":false},"author":3,"featured_media":0,"parent":0,"menu_order":0,"comment_status":"open","ping_status":"closed","template":"","meta":{"content-type":"","footnotes":""},"class_list":["post-48558","page","type-page","status-publish","hentry"],"_links":{"self":[{"href":"https:\/\/www.teemukuusimurto.com\/2016\/wp-json\/wp\/v2\/pages\/48558","targetHints":{"allow":["GET"]}}],"collection":[{"href":"https:\/\/www.teemukuusimurto.com\/2016\/wp-json\/wp\/v2\/pages"}],"about":[{"href":"https:\/\/www.teemukuusimurto.com\/2016\/wp-json\/wp\/v2\/types\/page"}],"author":[{"embeddable":true,"href":"https:\/\/www.teemukuusimurto.com\/2016\/wp-json\/wp\/v2\/users\/3"}],"replies":[{"embeddable":true,"href":"https:\/\/www.teemukuusimurto.com\/2016\/wp-json\/wp\/v2\/comments?post=48558"}],"version-history":[{"count":39,"href":"https:\/\/www.teemukuusimurto.com\/2016\/wp-json\/wp\/v2\/pages\/48558\/revisions"}],"predecessor-version":[{"id":50178,"href":"https:\/\/www.teemukuusimurto.com\/2016\/wp-json\/wp\/v2\/pages\/48558\/revisions\/50178"}],"wp:attachment":[{"href":"https:\/\/www.teemukuusimurto.com\/2016\/wp-json\/wp\/v2\/media?parent=48558"}],"curies":[{"name":"wp","href":"https:\/\/api.w.org\/{rel}","templated":true}]}}